{"id":274,"date":"2025-11-12T19:46:31","date_gmt":"2025-11-12T22:46:31","guid":{"rendered":"https:\/\/insight360.eurekatech.net.br\/?page_id=53"},"modified":"2025-12-12T17:28:36","modified_gmt":"2025-12-12T20:28:36","slug":"insight360-2-2","status":"publish","type":"page","link":"https:\/\/insight360.eurekatech.net.br\/?page_id=274&lang=en","title":{"rendered":"insight360 &#8211; English"},"content":{"rendered":"<h1 style=\"\">Como sua <strong>empresa <\/strong>realmente \u00e9 <strong>percebida <\/strong>na <strong>internet<\/strong><\/h1>\n<p style=\"\">Voc\u00ea toma decis\u00f5es com base no que acredita sobre sua marca.Seu cliente decide com base no que realmente v\u00ea.O <strong>InSight360<\/strong> revela onde essas duas realidades se alinham e onde se chocam, mostrando com precis\u00e3o o que sustenta (e o que prejudica) a sua presen\u00e7a digital.<\/p>\n<ul>\n<li style=\"\"><span style=\"\">Identifique inconsist\u00eancias que derrubam convers\u00e3o<\/span><\/li>\n<li style=\"\"><span style=\"\">Descubra oportunidades escondidas na sua comunica\u00e7\u00e3o<\/span><\/li>\n<li style=\"\"><span style=\"\">Entenda como sua marca \u00e9 percebida em segundos<\/span><\/li>\n<\/ul>\n<p><span style=\"\"><img decoding=\"async\" alt=\"\" data-id=\"275\" width=\"422\" data-init-width=\"1046\" height=\"207\" data-init-height=\"512\" title=\"grafico\" loading=\"lazy\" src=\"https:\/\/insight360.eurekatech.net.br\/wp-content\/uploads\/2025\/11\/grafico.png\" data-width=\"422\" data-height=\"207\" style=\"aspect-ratio: auto 1046 \/ 512;\" ml-d=\"0\" mt-d=\"0\"><\/span><\/p>\n<p style=\"text-align: center;\">As pessoas formam uma impress\u00e3o sobre sua marca em menos de 5 segundos!<\/p>\n<h2>Sua empresa comunica uma coisa. <strong>Seu p\u00fablico percebe outra.<\/strong><\/h2>\n<p style=\"\">\u00c9 comum acreditar que o site, as redes sociais e a comunica\u00e7\u00e3o est\u00e3o alinhados. Mas, quando analisamos como o p\u00fablico realmente interpreta tudo isso, descobrimos um padr\u00e3o: informa\u00e7\u00f5es importantes se perdem, mensagens n\u00e3o s\u00e3o entendidas e o posicionamento fica dilu\u00eddo.<\/p>\n<p style=\"\">O resultado? <span>Menos convers\u00e3o, menos clareza e mais perda de oportunidades.<\/span><\/p>\n<h3 style=\"\"><span>Veja <\/span>um exemplo real <span>do <\/span>relat\u00f3rio InSight360<\/h3>\n<p style=\"\">Descubra como apresentamos m\u00e9tricas, notas, ofensores e recomenda\u00e7\u00f5es pr\u00e1ticas na an\u00e1lise completa.<\/p>\n<h2 style=\"\">Entre o que <strong>voc\u00ea pensa que entrega<\/strong> e o que <strong>o cliente realmente entende<\/strong> existe um <strong>abismo<\/strong><\/h2>\n<p data-end=\"2071\" data-start=\"1938\" style=\"text-align: left;\"><strong>Chamamos isso de <em data-end=\"1988\" data-start=\"1972\"><span>Perception Gap<\/span><\/em>.<\/strong><\/p>\n<p style=\"\">\u00c9 a diferen\u00e7a entre inten\u00e7\u00e3o e percep\u00e7\u00e3o. E ela afeta sua autoridade, sua convers\u00e3o e a forma como o mercado enxerga sua marca.<\/p>\n<p><span style=\"\"><img decoding=\"async\" alt=\"a close up of a yellow and black clock\" data-id=\"276\" width=\"448\" data-init-width=\"1080\" height=\"672\" data-init-height=\"1620\" title=\"Photo by Onfeed \u2022 ESG, Tech Design e M\u00eddias\" loading=\"lazy\" src=\"https:\/\/insight360.eurekatech.net.br\/wp-content\/uploads\/2025\/11\/p0EuAXVvoR8.jpg\" data-width=\"448\" data-height=\"672\" style=\"aspect-ratio: auto 1080 \/ 1620;\" mt-d=\"-16.5\" ml-d=\"0\" mt-t=\"-3\" center-v-t=\"false\"><\/span><\/p>\n<ul>\n<li style=\"\"><span style=\"\">Mensagens confusas afastam leads<\/span><\/li>\n<li style=\"\"><span style=\"\">Tom desalinhado gera d\u00favidas<\/span><\/li>\n<li style=\"\"><span style=\"\">P\u00e1ginas importantes ficam invis\u00edveis<\/span><\/li>\n<li style=\"\"><span style=\"\">A comunica\u00e7\u00e3o perde consist\u00eancia<\/span><\/li>\n<\/ul>\n<p style=\"\">O InSight360 mede esse abismo e revela, de forma objetiva, o impacto real na sua presen\u00e7a digital.<\/p>\n<h1 style=\"\"><span>Um <\/span>diagn\u00f3stico completo<span> com <\/span>m\u00e9tricas<span>, <\/span>notas <span>e <\/span>recomenda\u00e7\u00f5es pr\u00e1ticas<\/h1>\n<p data-end=\"2118\" data-start=\"1912\" style=\"\">A metodologia do <strong>InSight360 <\/strong>analisa sua presen\u00e7a digital em oito dimens\u00f5es fundamentais. O resultado \u00e9 um diagn\u00f3stico detalhado, claro e acion\u00e1vel, que exp\u00f5e oportunidades de crescimento e corrige falhas que impedem sua empresa de converter mais.<\/p>\n<ul>\n<li style=\"\"><span style=\"\">Avalia\u00e7\u00e3o profunda da sua comunica\u00e7\u00e3o digital<\/span><\/li>\n<li style=\"\"><span style=\"\">Notas, ofensores e recomenda\u00e7\u00f5es<\/span><\/li>\n<li style=\"\"><span style=\"\">Clareza total sobre riscos e oportunidades<\/span><\/li>\n<\/ul>\n<h2 style=\"\"><span style=\"font-weight: normal;\">As <\/span>8 dimens\u00f5es <span style=\"font-weight: normal;\">avaliadas<\/span><\/h2>\n<p><span style=\"\"><img decoding=\"async\" alt=\"chart\" data-id=\"277\" width=\"426\" data-init-width=\"1080\" height=\"240\" data-init-height=\"608\" title=\"Photo by Nick Brunner\" loading=\"lazy\" src=\"https:\/\/insight360.eurekatech.net.br\/wp-content\/uploads\/2025\/11\/5dgXQJ7ezuU.jpg\" data-width=\"426\" data-height=\"240\" style=\"aspect-ratio: auto 1080 \/ 608;\" mt-d=\"0\" ml-d=\"0\" ml-t=\"0\" mt-t=\"0\"><\/span><\/p>\n<ul>\n<li style=\"\"><span style=\"\"><strong data-end=\"3040\" data-start=\"3025\">Estrat\u00e9gia:<\/strong><span style=\"font-weight: normal;\">Clareza sobre quem voc\u00ea \u00e9 e o valor que entrega.<\/span><\/span><\/li>\n<li style=\"\"><!--! Font Awesome Free 6.7.1 by @fontawesome - https:\/\/fontawesome.com License - https:\/\/fontawesome.com\/license\/free (Icons: CC BY 4.0, Fonts: SIL OFL 1.1, Code: MIT License) Copyright 2024 Fonticons, Inc. --><span style=\"\"><strong data-end=\"3108\" data-start=\"3092\">Copywriting:<\/strong><span style=\"font-weight: normal;\">Sua mensagem convence e guia a navega\u00e7\u00e3o.<\/span><\/span><\/li>\n<li style=\"\"><span style=\"\"><strong data-end=\"3165\" data-start=\"3154\">Design:<\/strong><span style=\"font-weight: normal;\">Visual profissional e hierarquia bem definida.<\/span><\/span><\/li>\n<li style=\"\"><span style=\"\"><strong data-end=\"3224\" data-start=\"3217\">UX:<\/strong><span style=\"font-weight: normal;\">Jornada fluida, simples e sem atrito.<\/span><\/span><\/li>\n<\/ul>\n<ul>\n<li style=\"\"><span style=\"\"><strong data-end=\"3281\" data-start=\"3267\">Convers\u00e3o:<\/strong><span style=\"font-weight: normal;\">CTAs fortes e p\u00e1ginas orientadas a a\u00e7\u00e3o.<\/span><\/span><\/li>\n<li style=\"\"><span style=\"\"><strong data-end=\"3342\" data-start=\"3324\">Credibilidade:<\/strong><span style=\"font-weight: normal;\">Evid\u00eancias que refor\u00e7am confian\u00e7a.<\/span><\/span><\/li>\n<li style=\"\"><span style=\"\"><strong data-end=\"3407\" data-start=\"3384\">Performance Visual:<\/strong><span style=\"font-weight: normal;\">Leveza percebida e aus\u00eancia de ru\u00eddo.<\/span><\/span><\/li>\n<li style=\"\"><span style=\"\"><strong data-end=\"3462\" data-start=\"3448\">Coer\u00eancia:<\/strong><span style=\"font-weight: normal;\">Alinhamento entre discurso, forma e inten\u00e7\u00e3o.<\/span><\/span><\/li>\n<\/ul>\n<h2 style=\"\"><span style=\"font-weight: normal;\">Se sua <\/span>percep\u00e7\u00e3o est\u00e1 desalinhada<span style=\"font-weight: normal;\">, voc\u00ea <\/span>perde dinheiro<span style=\"font-weight: normal;\">. Simples assim.<\/span><\/h2>\n<ul>\n<li style=\"\"><span style=\"\">Sites desalinhados perdem at\u00e9 40% dos leads qualificados<\/span><\/li>\n<li style=\"\"><span style=\"\">Mensagens confusas derrubam confian\u00e7a em segundos<\/span><\/li>\n<li style=\"\"><span style=\"\">Falta de coer\u00eancia reduz convers\u00e3o em 15%25%<\/span><\/li>\n<li style=\"\"><span style=\"\">Design inconsistente prejudica credibilidade imediatamente<\/span><\/li>\n<\/ul>\n<p style=\"\"><strong>O InSight360 exp\u00f5e essas perdas \u2014 e mostra exatamente o que voc\u00ea precisa ajustar para recuperar resultados.<\/strong><\/p>\n<p>  <span style=\"\"><a href=\"https:\/\/insight360.eurekatech.net.br\/wp-content\/uploads\/2025\/11\/Report-InSight360-Modelo-Download-Landing-Page.pdf\" target=\"_blank\"><img decoding=\"async\" alt=\"\" data-id=\"278\" width=\"173\" data-init-width=\"884\" height=\"58\" data-init-height=\"298\" title=\"INSIGHT360\" loading=\"lazy\" src=\"https:\/\/insight360.eurekatech.net.br\/wp-content\/uploads\/2025\/11\/INSIGHT360-1.png\" data-width=\"173\" data-height=\"58\" style=\"aspect-ratio: auto 884 \/ 298;\" ml-d=\"0\" mt-d=\"0\" data-link-wrap=\"true\"><\/a><\/span>        <a href=\"https:\/\/insight360.eurekatech.net.br\/wp-content\/uploads\/2025\/11\/Report-InSight360-Modelo-Download-Landing-Page.pdf\" target=\"_blank\"><\/a>     <\/p>\n<h2 style=\"text-align: center;\"><span style=\"font-weight: normal;\">Entender \u00e9 bom. <\/span>Agir \u00e9 essencial<span style=\"font-weight: normal;\">.<\/span><\/h2>\n<h4 style=\"\"><span style=\"font-weight: normal;\">O <\/span>InSight360 <span style=\"font-weight: normal;\">n\u00e3o entrega apenas um diagn\u00f3stico. Ele <\/span>entrega clareza de dire\u00e7\u00e3o<span style=\"font-weight: normal;\">&nbsp;para voc\u00ea tomar decis\u00f5es melhores e <\/span>construir uma presen\u00e7a digital mais forte<span style=\"font-weight: normal;\">.<\/span><\/h4>\n<p style=\"\"><strong data-end=\"4149\" data-start=\"4137\">Passo 1:<\/strong> Voc\u00ea envia o formul\u00e1rio com as informa\u00e7\u00f5es b\u00e1sicas.<strong data-end=\"4194\" data-start=\"4182\">Passo 2:<\/strong> Avaliamos rapidamente o escopo do seu site.<strong data-end=\"4262\" data-start=\"4250\">Passo 3:<\/strong> Entramos em contato para entender o que voc\u00ea deseja.<strong data-end=\"4323\" data-start=\"4311\">Passo 4:<\/strong> Se poss\u00edvel, enviamos o valor imediatamente.<strong data-end=\"4323\" data-start=\"4311\">Passo 5:<\/strong> Caso precise de mais contexto, marcamos uma call curta para apresentar o valor e o plano de an\u00e1lise.<\/p>\n<p><span style=\"\"><img decoding=\"async\" alt=\"\" data-id=\"279\" width=\"393\" data-init-width=\"728\" height=\"211\" data-init-height=\"390\" title=\"steps\" loading=\"lazy\" src=\"https:\/\/insight360.eurekatech.net.br\/wp-content\/uploads\/2025\/11\/steps.png\" data-width=\"393\" data-height=\"211\" style=\"aspect-ratio: auto 728 \/ 390;\" ml-d=\"0\" mt-d=\"0\"><\/span><span><img decoding=\"async\" alt=\"\" data-id=\"0\" width=\"423\" data-init-width=\"423\" height=\"506\" data-init-height=\"506\" title=\"Lean_Hp-06_pattern\" loading=\"lazy\" src=\"\/\/insight360.eurekatech.net.br\/wp-content\/uploads\/tcb_content_templates\/images\/Lean_Hp-06_pattern.png\" data-width=\"423\" data-height=\"506\" style=\"aspect-ratio: auto 423 \/ 506;\"><\/span><\/p>\n<h2 style=\"text-align: center;\"><strong>Empresas <\/strong>que <strong>j\u00e1 passaram<\/strong> pelo <strong>diagn\u00f3stico<\/strong><\/h2>\n<p style=\"text-align: center;\"><span style=\"font-style: normal;\">\u201c<\/span><\/p>\n<p style=\"text-align: center;\">\u201cA an\u00e1lise do InSight360 nos mostrou inconsist\u00eancias que n\u00e3o faz\u00edamos ideia. Corrigimos em pouco tempo e vimos impacto direto na convers\u00e3o do site. \u00c9 cir\u00fargico.\u201d<\/p>\n<h6 style=\"\">ANA trolezi<\/h6>\n<h6 style=\"\"><em><span style=\"font-weight: normal;\"><span style=\"font-size: 15px !important; text-transform: none !important;\">Gerente de Marketing<\/span><\/span><\/em><\/h6>\n<h6 style=\"\"><span><strong><span style=\"font-size: 15px !important; text-transform: none !important;\">Grupo Vegas<\/span><\/strong><\/span><span style=\"font-weight: normal;\"><\/span><\/h6>\n<h4 style=\"\"><strong>Descubra o que seu p\u00fablico realmente v\u00ea quando encontra sua empresa<\/strong><\/h4>\n<p data-end=\"6008\" data-start=\"5828\" style=\"\">Solicite seu diagn\u00f3stico personalizado.Ap\u00f3s receber sua mensagem, nossa equipe entra em contato para entender suas necessidades e apresentar o valor da an\u00e1lise.<\/p>\n","protected":false},"excerpt":{"rendered":"<p>Como sua empresa realmente \u00e9 percebida na internet Voc\u00ea toma decis\u00f5es com base no que acredita sobre sua marca.Seu cliente decide com base no que realmente v\u00ea.O InSight360 revela onde essas duas realidades se alinham e onde se chocam, mostrando com precis\u00e3o o que sustenta (e o que prejudica) a sua presen\u00e7a digital. Identifique inconsist\u00eancias [&hellip;]<\/p>\n","protected":false},"author":1,"featured_media":0,"parent":0,"menu_order":0,"comment_status":"closed","ping_status":"closed","template":"","meta":{"_joinchat":[],"footnotes":""},"class_list":["post-274","page","type-page","status-publish","hentry","post-wrapper","thrv_wrapper"],"lang":"en","translations":{"en":274,"pt":53},"pll_sync_post":[],"_links":{"self":[{"href":"https:\/\/insight360.eurekatech.net.br\/index.php?rest_route=\/wp\/v2\/pages\/274","targetHints":{"allow":["GET"]}}],"collection":[{"href":"https:\/\/insight360.eurekatech.net.br\/index.php?rest_route=\/wp\/v2\/pages"}],"about":[{"href":"https:\/\/insight360.eurekatech.net.br\/index.php?rest_route=\/wp\/v2\/types\/page"}],"author":[{"embeddable":true,"href":"https:\/\/insight360.eurekatech.net.br\/index.php?rest_route=\/wp\/v2\/users\/1"}],"replies":[{"embeddable":true,"href":"https:\/\/insight360.eurekatech.net.br\/index.php?rest_route=%2Fwp%2Fv2%2Fcomments&post=274"}],"version-history":[{"count":0,"href":"https:\/\/insight360.eurekatech.net.br\/index.php?rest_route=\/wp\/v2\/pages\/274\/revisions"}],"wp:attachment":[{"href":"https:\/\/insight360.eurekatech.net.br\/index.php?rest_route=%2Fwp%2Fv2%2Fmedia&parent=274"}],"curies":[{"name":"wp","href":"https:\/\/api.w.org\/{rel}","templated":true}]}}